{"id":921,"date":"2018-09-13T17:21:22","date_gmt":"2018-09-14T00:21:22","guid":{"rendered":"https:\/\/centralhb.com\/?page_id=921"},"modified":"2023-09-08T15:33:10","modified_gmt":"2023-09-08T22:33:10","slug":"restaurant","status":"publish","type":"page","link":"https:\/\/centralhb.com\/es\/restaurant\/","title":{"rendered":"Restaurant"},"content":{"rendered":"<div class=\"wpb-content-wrapper\"><div   class=\"vc_row wpb_row vc_row-fluid vc_custom_1539646661642 vc_row-o-content-middle full-width-section\">\n\t<div  class=\"vc_span3 wpb_column vc_column_container\"><div class=\"vc_column-inner\">\n\t\t<div class=\"wpb_wrapper\">\n\t\t\t\n\t\t<\/div> <\/div>\n\t<\/div> \n\t<div  class=\"vc_span3 wpb_column vc_column_container\"><div class=\"vc_column-inner\">\n\t\t<div class=\"wpb_wrapper\">\n\t\t\t\r\n\t<div  class=\"wpb_single_image wpb_content_element vc_align_center   vc_custom_1539642663840\">\r\n\t\t<div class=\"wpb_wrapper\">\r\n\t\t\t\r\n\t\t\t<div class=\"vc_single_image-wrapper   vc_box_border_grey\"><img loading=\"lazy\" decoding=\"async\" width=\"300\" height=\"300\" src=\"https:\/\/centralhb.com\/wp-content\/uploads\/2018\/09\/HOTEL-CENTRAL-BOUTIQUE-NEGRO-PLACA-EXTERIOR-08-300x300.png\" class=\"vc_single_image-img attachment-medium\" alt=\"\" title=\"HOTEL-CENTRAL-BOUTIQUE-NEGRO-(PLACA-EXTERIOR)-08\" srcset=\"https:\/\/centralhb.com\/wp-content\/uploads\/2018\/09\/HOTEL-CENTRAL-BOUTIQUE-NEGRO-PLACA-EXTERIOR-08-300x300.png 300w, https:\/\/centralhb.com\/wp-content\/uploads\/2018\/09\/HOTEL-CENTRAL-BOUTIQUE-NEGRO-PLACA-EXTERIOR-08-150x150.png 150w, https:\/\/centralhb.com\/wp-content\/uploads\/2018\/09\/HOTEL-CENTRAL-BOUTIQUE-NEGRO-PLACA-EXTERIOR-08-768x768.png 768w, https:\/\/centralhb.com\/wp-content\/uploads\/2018\/09\/HOTEL-CENTRAL-BOUTIQUE-NEGRO-PLACA-EXTERIOR-08-570x570.png 570w, https:\/\/centralhb.com\/wp-content\/uploads\/2018\/09\/HOTEL-CENTRAL-BOUTIQUE-NEGRO-PLACA-EXTERIOR-08-12x12.png 12w, https:\/\/centralhb.com\/wp-content\/uploads\/2018\/09\/HOTEL-CENTRAL-BOUTIQUE-NEGRO-PLACA-EXTERIOR-08.png 512w\" sizes=\"auto, (max-width: 300px) 100vw, 300px\" \/><\/div>\r\n\t\t<\/div>\r\n\t<\/div>\r\n\n\t\t<\/div> <\/div>\n\t<\/div> \n\t<div  class=\"vc_span3 wpb_column vc_column_container\"><div class=\"vc_column-inner vc_custom_1539646733366\">\n\t\t<div class=\"wpb_wrapper\">\n\t\t\t<h1 style=\"font-size: 56px;color: #ffffff;line-height: 1.01;text-align: left\" class=\"vc_custom_heading vc_custom_1539642933490\" >El Poeta<\/h1><h2 style=\"font-size: 24px;color: #ffffff;line-height: 1.01;text-align: left\" class=\"vc_custom_heading vc_custom_1539658768407\" >Restaurante<\/h2><style type=\"text\/css\" >#b_extosifb6bnrfsjqj4zo a{color:#ffffff; background:rgba(0,0,0,0.01); border-style:solid; border-color:#ffffff; margin-top:10px; margin-bottom:0px;  margin-left:0px; margin-right:0px; font-weight:500; border-radius:0px;}#b_extosifb6bnrfsjqj4zo a:hover{color:#ffffff ; background:#0a0a0a ; border-color:#0a0a0a;}<\/style><div class=\"ta_left tf_btn_pos\" id=\"b_extosifb6bnrfsjqj4zo\" ><a class=\"rd_stroke_bt small_rd_bt border_1px rda_fadeIn\" href=\"https:\/\/centralhb.com\/es\/contactus\/\" target=\"\"   >Reserva Ahora<\/a><\/div>\n\t\t<\/div> <\/div>\n\t<\/div> \n\t<div  class=\"vc_span3 wpb_column vc_column_container\"><div class=\"vc_column-inner\">\n\t\t<div class=\"wpb_wrapper\">\n\t\t\t\n\t\t<\/div> <\/div>\n\t<\/div> <\/div><div   class=\"vc_row wpb_row vc_row-fluid vc_custom_1541527312680\">\n\t<div  class=\"vc_span12 wpb_column vc_column_container\"><div class=\"vc_column-inner\">\n\t\t<div class=\"wpb_wrapper\">\n\t\t\t\n\t<div class=\"wpb_text_column wpb_content_element  vc_custom_1563466717394  ct_2xe20zgke4o1hmsseyqe\" >\n\t\t<div class=\"wpb_wrapper\" >\n\t\t\t\n\t\t<\/div> \n\t<\/div> \n\t\t<\/div> <\/div>\n\t<\/div> <\/div><div   class=\"vc_row wpb_row vc_row-fluid vc_custom_1539621793214 vc_row-o-content-middle\">\n\t<div  class=\"vc_span6 wpb_column vc_column_container\"><div class=\"vc_column-inner\">\n\t\t<div class=\"wpb_wrapper\">\n\t\t\t\r\n\t<div  class=\"wpb_single_image wpb_content_element vc_align_left   vc_custom_1540492826964\">\r\n\t\t<div class=\"wpb_wrapper\">\r\n\t\t\t\r\n\t\t\t<div class=\"vc_single_image-wrapper   vc_box_border_grey\"><img loading=\"lazy\" decoding=\"async\" width=\"668\" height=\"602\" src=\"https:\/\/centralhb.com\/wp-content\/uploads\/2018\/10\/fwfw4_DSC1733.jpg\" class=\"vc_single_image-img attachment-full\" alt=\"\" title=\"fwfw4_DSC1733\" srcset=\"https:\/\/centralhb.com\/wp-content\/uploads\/2018\/10\/fwfw4_DSC1733.jpg 668w, https:\/\/centralhb.com\/wp-content\/uploads\/2018\/10\/fwfw4_DSC1733-300x270.jpg 300w, https:\/\/centralhb.com\/wp-content\/uploads\/2018\/10\/fwfw4_DSC1733-13x12.jpg 13w\" sizes=\"auto, (max-width: 668px) 100vw, 668px\" \/><\/div>\r\n\t\t<\/div>\r\n\t<\/div>\r\n\n\t\t<\/div> <\/div>\n\t<\/div> \n\t<div  class=\"vc_span6 wpb_column vc_column_container\"><div class=\"vc_column-inner vc_custom_1539625670653\">\n\t\t<div class=\"wpb_wrapper\">\n\t\t\t<h1 style=\"font-size: 34px;line-height: 1.01;text-align: left\" class=\"vc_custom_heading vc_custom_1539646128852\" >Elocuencia Culinaria<\/h1><style type=\"text\/css\" >#l_7xoh6ue9lahx6alir5ck{width:50px;}#l_7xoh6ue9lahx6alir5ck.sc_line ,#l_7xoh6ue9lahx6alir5ck .sc_line {border-top:2px solid #c6c6c6;}#l_7xoh6ue9lahx6alir5ck .rd_colored_line {position:absolute; top:-2px; left:0px; height:2px; width:25%; background:#000000 ;}#l_7xoh6ue9lahx6alir5ck {margin:0px 0 5px 0; padding:0;}<\/style><div class=\"clearfix\"><\/div><div id=\"l_7xoh6ue9lahx6alir5ck\"  class=\"sc_line rd_line_bcolor\" ><span class=\"rd_colored_line\"><\/span><\/div>\n\t<div class=\"wpb_text_column wpb_content_element  vc_custom_1539705515482  ct_5z6nbr3ewr2cowu1k04j\" >\n\t\t<div class=\"wpb_wrapper\" id=\"cuadrito\">\n\t\t\t<h4>Inspirada en la florida belleza de la\u00a0<span style=\"color: #833c0b;\">Sierra Tarahumara<\/span>\u00a0y la amplia variedad de climas y ecosistemas de la regi\u00f3n, \"<span style=\"color: #833c0b;\">El Poeta<\/span>\" eleva los sabores de Chihuahua a un nivel de elocuencia culinaria.<\/h4>\n\n\t\t<\/div> \n\t<\/div> \n\t\t<\/div> <\/div>\n\t<\/div> <\/div><div   class=\"vc_row wpb_row vc_row-fluid vc_custom_1539621793214 vc_row-o-content-middle\">\n\t<div  class=\"vc_span6 wpb_column vc_column_container\"><div class=\"vc_column-inner vc_custom_1539625670653\">\n\t\t<div class=\"wpb_wrapper\">\n\t\t\t<h1 style=\"font-size: 34px;line-height: 1.01;text-align: left\" class=\"vc_custom_heading vc_custom_1539646134254\" >Nuestra Cocina.<\/h1><style type=\"text\/css\" >#l_6ycyadn5b9h01ghxgp8y{width:50px;}#l_6ycyadn5b9h01ghxgp8y.sc_line ,#l_6ycyadn5b9h01ghxgp8y .sc_line {border-top:2px solid #c6c6c6;}#l_6ycyadn5b9h01ghxgp8y .rd_colored_line {position:absolute; top:-2px; left:0px; height:2px; width:25%; background:#000000 ;}#l_6ycyadn5b9h01ghxgp8y {margin:0px 0 5px 0; padding:0;}<\/style><div class=\"clearfix\"><\/div><div id=\"l_6ycyadn5b9h01ghxgp8y\"  class=\"sc_line rd_line_bcolor\" ><span class=\"rd_colored_line\"><\/span><\/div>\n\t<div class=\"wpb_text_column wpb_content_element  vc_custom_1540492485394  ct_l5xg6hsztflqzfaucpmw\" >\n\t\t<div class=\"wpb_wrapper\" >\n\t\t\t<h4>Usando los ingredientes locales mas frescos, como frutas, vegetales, quesos de la regi\u00f3n y las carnes m\u00e1s finas, nuestros chefs han creado una aut\u00e9ntica experiencia culinaria del norte de M\u00e9xico. Nuestro men\u00fa evoluciona constantemente para satisfacer los paladares m\u00e1s delicados evocando a su vez las ra\u00edces y tradiciones mexicanas.<\/h4>\n<h2><em>D\u00e9janos consentirte<\/em><em> en \u201c<span style=\"color: #833c0b;\">El Poeta<\/span>\u201d.<\/em><\/h2>\n\n\t\t<\/div> \n\t<\/div> \n\t\t<\/div> <\/div>\n\t<\/div> \n\t<div  class=\"vc_span6 wpb_column vc_column_container\"><div class=\"vc_column-inner\">\n\t\t<div class=\"wpb_wrapper\">\n\t\t\t\r\n\t<div  class=\"wpb_single_image wpb_content_element vc_align_left   vc_custom_1643331510629\">\r\n\t\t<div class=\"wpb_wrapper\">\r\n\t\t\t\r\n\t\t\t<div class=\"vc_single_image-wrapper   vc_box_border_grey\"><img loading=\"lazy\" decoding=\"async\" width=\"668\" height=\"602\" src=\"https:\/\/centralhb.com\/wp-content\/uploads\/2022\/01\/culinario.jpg\" class=\"vc_single_image-img attachment-full\" alt=\"\" title=\"culinario\" srcset=\"https:\/\/centralhb.com\/wp-content\/uploads\/2022\/01\/culinario.jpg 668w, https:\/\/centralhb.com\/wp-content\/uploads\/2022\/01\/culinario-300x270.jpg 300w, https:\/\/centralhb.com\/wp-content\/uploads\/2022\/01\/culinario-13x12.jpg 13w\" sizes=\"auto, (max-width: 668px) 100vw, 668px\" \/><\/div>\r\n\t\t<\/div>\r\n\t<\/div>\r\n\n\t\t<\/div> <\/div>\n\t<\/div> <\/div><div   class=\"vc_row wpb_row vc_row-fluid vc_custom_1539621793214 vc_row-o-content-middle\">\n\t<div  class=\"vc_span6 wpb_column vc_column_container\"><div class=\"vc_column-inner\">\n\t\t<div class=\"wpb_wrapper\">\n\t\t\t\r\n\t<div  class=\"wpb_single_image wpb_content_element vc_align_left   vc_custom_1539646558642\">\r\n\t\t<div class=\"wpb_wrapper\">\r\n\t\t\t\r\n\t\t\t<div class=\"vc_single_image-wrapper   vc_box_border_grey\"><img loading=\"lazy\" decoding=\"async\" width=\"668\" height=\"602\" src=\"https:\/\/centralhb.com\/wp-content\/uploads\/2018\/10\/fw4_DSC1733.jpg\" class=\"vc_single_image-img attachment-full\" alt=\"\" title=\"fw4_DSC1733\" srcset=\"https:\/\/centralhb.com\/wp-content\/uploads\/2018\/10\/fw4_DSC1733.jpg 668w, https:\/\/centralhb.com\/wp-content\/uploads\/2018\/10\/fw4_DSC1733-300x270.jpg 300w, https:\/\/centralhb.com\/wp-content\/uploads\/2018\/10\/fw4_DSC1733-13x12.jpg 13w\" sizes=\"auto, (max-width: 668px) 100vw, 668px\" \/><\/div>\r\n\t\t<\/div>\r\n\t<\/div>\r\n\n\t\t<\/div> <\/div>\n\t<\/div> \n\t<div  class=\"vc_span6 wpb_column vc_column_container\"><div class=\"vc_column-inner vc_custom_1539625670653\">\n\t\t<div class=\"wpb_wrapper\">\n\t\t\t<h1 style=\"font-size: 34px;line-height: 1.01;text-align: left\" class=\"vc_custom_heading vc_custom_1540492525440\" >Cocteles de Autor.<\/h1><style type=\"text\/css\" >#l_qw6279mz9p6sw7umivxx{width:50px;}#l_qw6279mz9p6sw7umivxx.sc_line ,#l_qw6279mz9p6sw7umivxx .sc_line {border-top:2px solid #c6c6c6;}#l_qw6279mz9p6sw7umivxx .rd_colored_line {position:absolute; top:-2px; left:0px; height:2px; width:25%; background:#000000 ;}#l_qw6279mz9p6sw7umivxx {margin:0px 0 5px 0; padding:0;}<\/style><div class=\"clearfix\"><\/div><div id=\"l_qw6279mz9p6sw7umivxx\"  class=\"sc_line rd_line_bcolor\" ><span class=\"rd_colored_line\"><\/span><\/div>\n\t<div class=\"wpb_text_column wpb_content_element  vc_custom_1540492535753  ct_5k43o8uqtogmbbj0hw3n\" >\n\t\t<div class=\"wpb_wrapper\" >\n\t\t\t<h4>Respetando los cl\u00e1sicos, nuestros cocteles de autor est\u00e1n influenciados por los destilados locales y la creatividad de nuestro equipo.<\/h4>\n\n\t\t<\/div> \n\t<\/div> \n\t\t<\/div> <\/div>\n\t<\/div> <\/div><div   class=\"vc_row wpb_row vc_row-fluid vc_custom_1539621810813\">\n\t<div  class=\"vc_span12 wpb_column vc_column_container\"><div class=\"vc_column-inner\">\n\t\t<div class=\"wpb_wrapper\">\n\t\t\t<style type=\"text\/css\" >#l_vhic6h5wrmgxy71btn4w.sc_line ,#l_vhic6h5wrmgxy71btn4w .sc_line { height:1px; background:#999999;}#l_vhic6h5wrmgxy71btn4w.sc_line ,#l_vhic6h5wrmgxy71btn4w .sc_line{margin-left:auto!important; margin-right:auto!important;}#l_vhic6h5wrmgxy71btn4w {margin:30px 0 30px 0; padding:0;}<\/style><div class=\"clearfix\"><\/div><div id=\"l_vhic6h5wrmgxy71btn4w\"  class=\"sc_line rd_line_normal\" ><\/div><div class=\"vc_row wpb_row vc_inner vc_row-fluid\"><div  class=\"wpb_column vc_column_container vc_span12\"><div class=\"vc_column-inner\" ><div class=\"wpb_wrapper\"><h1 style=\"font-size: 40px;line-height: 1.01;text-align: left\" class=\"vc_custom_heading vc_custom_1539300266247\" >En el Coraz\u00f3n de Chihuahua<br \/>\nNuestra Ubicaci\u00f3n<\/h1><style type=\"text\/css\" >#l_uo9iz30zx1f52uf431gv{width:50px;}#l_uo9iz30zx1f52uf431gv.sc_line ,#l_uo9iz30zx1f52uf431gv .sc_line {border-top:2px solid #000000;}#l_uo9iz30zx1f52uf431gv .rd_colored_line {position:absolute; top:-2px; left:0px; height:2px; width:25%; background:#c6c6c6 ;}#l_uo9iz30zx1f52uf431gv {margin:0px 0 5px 0; padding:0;}<\/style><div class=\"clearfix\"><\/div><div id=\"l_uo9iz30zx1f52uf431gv\"  class=\"sc_line rd_line_bcolor\" ><span class=\"rd_colored_line\"><\/span><\/div>\n\t<div class=\"wpb_text_column wpb_content_element  vc_custom_1539618198663  ct_v3ap7zd9mh9zgzxl2les\" >\n\t\t<div class=\"wpb_wrapper\" >\n\t\t\t<h2 style=\"text-align: left;\"><span style=\"color: #333333;\">Calle Victoria #202, Zona Centro, Chihuahua, Chihuahua, Mexico 31000<\/span><\/h2>\n\n\t\t<\/div> \n\t<\/div> \n\t<div class=\"wpb_raw_code wpb_raw_html wpb_content_element\" >\n\t\t<div class=\"wpb_wrapper\">\n\t\t\t<iframe loading=\"lazy\" src=\"https:\/\/snazzymaps.com\/embed\/100797\" width=\"100%\" height=\"300px\" style=\"border:none;\"><\/iframe>\n\t\t<\/div>\n\t<\/div>\n<\/div><\/div><\/div><\/div>\n\t\t<\/div> <\/div>\n\t<\/div> <\/div>\n<\/div>","protected":false},"excerpt":{"rendered":"<p>El PoetaRestauranteBook Now Culinary Eloquence. Inspired by the blossoming beauty of the\u00a0Sierra Tarahumara\u00a0and the vastness of the region\u2019s climates and ecosystems, \u201cEl Poeta\u201d brings Chihuahua\u2019s flavors to a level of\u00a0culinary eloquence. Our Cuisine. Using national farmed ingredients, fresh fruits, veggies, as well as local cheeses and the finest meets, our chefs have created a genuine<br \/><a href=\"https:\/\/centralhb.com\/es\/restaurant\/\" class=\"more\">Read more<\/a><\/p>","protected":false},"author":4,"featured_media":0,"parent":0,"menu_order":0,"comment_status":"closed","ping_status":"closed","template":"","meta":{"footnotes":""},"class_list":["post-921","page","type-page","status-publish","hentry"],"aioseo_notices":[],"_links":{"self":[{"href":"https:\/\/centralhb.com\/es\/wp-json\/wp\/v2\/pages\/921","targetHints":{"allow":["GET"]}}],"collection":[{"href":"https:\/\/centralhb.com\/es\/wp-json\/wp\/v2\/pages"}],"about":[{"href":"https:\/\/centralhb.com\/es\/wp-json\/wp\/v2\/types\/page"}],"author":[{"embeddable":true,"href":"https:\/\/centralhb.com\/es\/wp-json\/wp\/v2\/users\/4"}],"replies":[{"embeddable":true,"href":"https:\/\/centralhb.com\/es\/wp-json\/wp\/v2\/comments?post=921"}],"version-history":[{"count":65,"href":"https:\/\/centralhb.com\/es\/wp-json\/wp\/v2\/pages\/921\/revisions"}],"predecessor-version":[{"id":2024,"href":"https:\/\/centralhb.com\/es\/wp-json\/wp\/v2\/pages\/921\/revisions\/2024"}],"wp:attachment":[{"href":"https:\/\/centralhb.com\/es\/wp-json\/wp\/v2\/media?parent=921"}],"curies":[{"name":"wp","href":"https:\/\/api.w.org\/{rel}","templated":true}]}}