{"id":917,"date":"2018-09-13T17:20:38","date_gmt":"2018-09-14T00:20:38","guid":{"rendered":"https:\/\/centralhb.com\/?page_id=917"},"modified":"2023-09-08T15:32:58","modified_gmt":"2023-09-08T22:32:58","slug":"essence","status":"publish","type":"page","link":"https:\/\/centralhb.com\/es\/essence\/","title":{"rendered":"Nuestra Esencia"},"content":{"rendered":"<div class=\"wpb-content-wrapper\"><div   class=\"vc_row wpb_row vc_row-fluid vc_custom_1539303078128\">\n\t<div  class=\"vc_span12 wpb_column vc_column_container\"><div class=\"vc_column-inner vc_custom_1539301933546\">\n\t\t<div class=\"wpb_wrapper\">\n\t\t\t<h1 style=\"font-size: 40px;color: #000000;line-height: 1.01;text-align: left\" class=\"vc_custom_heading vc_custom_1586546321416\" >Nuestra Esencia<\/h1>\n\t\t<\/div> <\/div>\n\t<\/div> <\/div><div   class=\"vc_row wpb_row vc_row-fluid vc_custom_1539301700442 vc_row-o-content-middle\">\n\t<div  class=\"vc_span6 wpb_column vc_column_container\"><div class=\"vc_column-inner vc_custom_1539625573141\">\n\t\t<div class=\"wpb_wrapper\">\n\t\t\t<h3 style=\"font-size: 24px;color: #833c0b;line-height: 1.01;text-align: left\" class=\"vc_custom_heading vc_custom_1537836397268\" >Acerca de la Arquitectura<\/h3><style type=\"text\/css\" >#l_t3kj3b3xer3abwume2jb{width:50px;}#l_t3kj3b3xer3abwume2jb.sc_line ,#l_t3kj3b3xer3abwume2jb .sc_line {border-top:2px solid #000000;}#l_t3kj3b3xer3abwume2jb .rd_colored_line {position:absolute; top:-2px; left:0px; height:2px; width:25%; background:#c6c6c6 ;}#l_t3kj3b3xer3abwume2jb {margin:0px 0 5px 0; padding:0;}<\/style><div class=\"clearfix\"><\/div><div id=\"l_t3kj3b3xer3abwume2jb\"  class=\"sc_line rd_line_bcolor\" ><span class=\"rd_colored_line\"><\/span><\/div>\n\t<div class=\"wpb_text_column wpb_content_element  vc_custom_1540525007964  ct_xm5eywwco2xvx5ljd4oj\" >\n\t\t<div class=\"wpb_wrapper\" >\n\t\t\t<p><span style=\"color: #666666;\">Nuestra propiedad, Casa Trias es la finca completa m\u00e1s antigua en la ciudad de Chihuahua. A pesar de que existen otras casas de adobe en Chihuahua, esta es \u00fanica debido a su ornamentaci\u00f3n y arquitectura avant-garde.<\/span><\/p>\n<p><span style=\"color: #666666;\">Con un dise\u00f1o arquitect\u00f3nico adelantado a su tiempo y caracterizado por paredes aplanadas, las paredes de Central Hotel Boutique est\u00e1n cubiertas the una estructura de cantera. Mayor a\u00fan, la fachada del siglo XIX, los soportes de sus puertas de acero y la forma de las ventanas revelan un hecho hist\u00f3rico interesante: fueron dise\u00f1adas para proteger a los due\u00f1os de ataques Apaches.<\/span><\/p>\n<p><span style=\"color: #666666;\">Las comunidades Apaches que fueron desterradas en los Estados Unidos, posteriormente se reubicaron en el norte de M\u00e9xico, en d\u00f3nde se encontraron en constante conflicto con las autoridades coloniales y post-coloniales. Debido a la naturaleza n\u00f3mada de su cultura al igual que la ambig\u00fcedad de sus asentamientos, eventualmente sobrevivieron asaltando haciendas. Durante el sigo XIX, se desat\u00f3 una sangrienta guerra en contra de las comunidades Apache liderada por los gobiernos locales de los estados del norte de M\u00e9xico. En 1880 las fuerzas Apache fueron finalmente vencidas por el General Luis Terrazas.\u00a0\u00a0<\/span><\/p>\n<p><span style=\"color: #666666;\">El patio central \u201cLa Luna\u201d tiene cornisas, pergaminos que son ornamentos en espiral y g\u00e1rgolas que fueron colocados para evitar la concentraci\u00f3n de lluvia y la humedad. La propiedad tiene un tipo de construcci\u00f3n conocida como \u201ccalicanto\u201d que se caracteriza por sus piedras caliza y de adobe, aglomeradas con un mortero de cal.<\/span><\/p>\n<p>&nbsp;<\/p>\n<p><span style=\"text-decoration: underline;\"><strong>Menci\u00f3n especial a:<\/strong><\/span><\/p>\n<ul>\n<li><em><strong>Restauraci\u00f3n y Artesan\u00eda:<br \/>\n<\/strong>Arquitecto Gast\u00f3n Fourz\u00e1n Fierro<\/em><\/li>\n<li><em><strong>Interiorismo:<br \/>\n<\/strong>Arquitecta Elizabeth G\u00f3mez Coello<br \/>\n<\/em><\/li>\n<li><em><strong>Composici\u00f3n Creativa:<br \/>\n<\/strong>Arquitecto Aar\u00f3n Villanueva Hinojos<\/em><\/li>\n<\/ul>\n\n\t\t<\/div> \n\t<\/div> \n\t\t<\/div> <\/div>\n\t<\/div> \n\t<div  class=\"vc_span6 wpb_column vc_column_container\"><div class=\"vc_column-inner\">\n\t\t<div class=\"wpb_wrapper\">\n\t\t\t\r\n\t<div  class=\"wpb_single_image wpb_content_element vc_align_center   vc_custom_1539301583797\">\r\n\t\t<div class=\"wpb_wrapper\">\r\n\t\t\t\r\n\t\t\t<div class=\"vc_single_image-wrapper   vc_box_border_grey\"><img loading=\"lazy\" decoding=\"async\" width=\"629\" height=\"732\" src=\"https:\/\/centralhb.com\/wp-content\/uploads\/2018\/10\/fwchb-18.jpg\" class=\"vc_single_image-img attachment-full\" alt=\"\" title=\"fwchb-18\" srcset=\"https:\/\/centralhb.com\/wp-content\/uploads\/2018\/10\/fwchb-18.jpg 629w, https:\/\/centralhb.com\/wp-content\/uploads\/2018\/10\/fwchb-18-258x300.jpg 258w, https:\/\/centralhb.com\/wp-content\/uploads\/2018\/10\/fwchb-18-10x12.jpg 10w\" sizes=\"auto, (max-width: 629px) 100vw, 629px\" \/><\/div>\r\n\t\t<\/div>\r\n\t<\/div>\r\n\n\t\t<\/div> <\/div>\n\t<\/div> <\/div><div   class=\"vc_row wpb_row vc_row-fluid vc_custom_1539301892737\">\n\t<div  class=\"vc_span12 wpb_column vc_column_container\"><div class=\"vc_column-inner vc_custom_1539301653691\">\n\t\t<div class=\"wpb_wrapper\">\n\t\t\t<h3 style=\"font-size: 24px;color: #833c0b;line-height: 1.01;text-align: left\" class=\"vc_custom_heading vc_custom_1537836406695\" >Acerca de los due\u00f1os de la propiedad<\/h3><style type=\"text\/css\" >#l_xat7v4ijallm8g0e191a{width:50px;}#l_xat7v4ijallm8g0e191a.sc_line ,#l_xat7v4ijallm8g0e191a .sc_line {border-top:2px solid #000000;}#l_xat7v4ijallm8g0e191a .rd_colored_line {position:absolute; top:-2px; left:0px; height:2px; width:25%; background:#c6c6c6 ;}#l_xat7v4ijallm8g0e191a {margin:0px 0 5px 0; padding:0;}<\/style><div class=\"clearfix\"><\/div><div id=\"l_xat7v4ijallm8g0e191a\"  class=\"sc_line rd_line_bcolor\" ><span class=\"rd_colored_line\"><\/span><\/div>\n\t<div class=\"wpb_text_column wpb_content_element  vc_custom_1537836000016  ct_mgnhdcvu6gh8t9trzlfs\" >\n\t\t<div class=\"wpb_wrapper\" >\n\t\t\t<h5><span style=\"color: #333333;\">General Angel Trias <\/span><\/h5>\n\n\t\t<\/div> \n\t<\/div> \n\t<div class=\"wpb_text_column wpb_content_element  vc_custom_1537836233137  ct_ynstpmnufjg4uvxym7yq\" >\n\t\t<div class=\"wpb_wrapper\" >\n\t\t\t<p>El due\u00f1o original de la propiedad, el General \u00c1ngel Trias (1808-1867), fungi\u00f3 como gobernador del estado de Chihuahua durante varios periodos. Siendo un amigo cercano de Benito Ju\u00e1rez, comparti\u00f3 sus ideales y los difundi\u00f3 en el estado de Chihuahua. Dedic\u00f3 su vida a la defensa de la soberan\u00eda nacional, siendo un elemento clave en la defensa en contra de las invasiones Francesa, Americana y Apache.<\/p>\n\n\t\t<\/div> \n\t<\/div> \n\t<div class=\"wpb_text_column wpb_content_element  vc_custom_1537836069307  ct_xzxryeacbvr2gd15fdls\" >\n\t\t<div class=\"wpb_wrapper\" >\n\t\t\t<h5><span style=\"color: #333333;\"><strong>Jesus Mu\u00f1oz y la familia Terrazas<\/strong><\/span><\/h5>\n\n\t\t<\/div> \n\t<\/div> \n\t<div class=\"wpb_text_column wpb_content_element  vc_custom_1539655823511  ct_oej16k7c066l95qcr8rz\" >\n\t\t<div class=\"wpb_wrapper\" >\n\t\t\t<p>Despu\u00e9s de la muerte de el general, la casa fue heredada a su hija Mar\u00eda Trinidad Trias quien se caso con Jes\u00fas Mu\u00f1oz Arregui. Jes\u00fas Mu\u00f1oz Arregui qued\u00f3 viudo y obtuvo matrimonio nuevamente con Guadalupe Terrazas (hija de Luis Terrazas famoso terrateniente en Chihuahua). Despu\u00e9s de algunos a\u00f1os, Guadalupe muri\u00f3 y Jes\u00fas Mu\u00f1oz se cas\u00f3 ahora con la media hermana de Guadalupe Adela Terrazas. A\u00fan con el pasar de los siglos, la casa permaneci\u00f3 en manos de la familia Terrazas. La propiedad ha tenido distintas funciones tales como la residencia de la familia Trevi\u00f1o y posteriormente una f\u00e1brica de zapatos.<\/p>\n\n\t\t<\/div> \n\t<\/div> \n\t<div class=\"wpb_text_column wpb_content_element  vc_custom_1537836266492  ct_uftp5m2vtv17z7xi1iyf\" >\n\t\t<div class=\"wpb_wrapper\" >\n\t\t\t<h5><span style=\"color: #333333;\"><strong>Jaime Creel Sisniega<\/strong><\/span><\/h5>\n\n\t\t<\/div> \n\t<\/div> \n\t<div class=\"wpb_text_column wpb_content_element  vc_custom_1539655885510  ct_dfdhwwbhfn46ubuxvah8\" >\n\t\t<div class=\"wpb_wrapper\" >\n\t\t\t<p>En 1997, Jaime Creel Sisniega, cuarta generaci\u00f3n de descendencia de la familia Terrazas, con una pasi\u00f3n sin igual por su ciudad natal Chihuahua y las ra\u00edces de su familia, compro la casa con la intenci\u00f3n de renovarla y recuperar su herencia invaluable.<\/p>\n<p>Siendo un \u00e1vido viajero, siempre disfrut\u00f3 el placer de descubrir lugares nuevos, encontrando la belleza en la est\u00e9tica y cultura de las creaciones humanas. Siendo as\u00ed Jaime Creel, visualiz\u00f3 la magia de viajar a Chihuahua plasmada en la propiedad.<\/p>\n<p>Con este plan en mente, creo el plan de transformar a \u201cCasa Trias\u201d en un Hotel Boutique de clase mundial. Un proyecto en donde los viajeros pudieran vivir la magia y cultura de Chihuahua en el pleno centro hist\u00f3rico de la ciudad. Una experiencia, a trav\u00e9s de la cual los viajeros pudieran probar la comida local y deleitarse con el patrimonio invaluable de esta ciudad.<\/p>\n<p>Jaime Creel fue un conocido hombre de negocios, fil\u00e1ntropo y hombre de familia que cultiv\u00f3 un gran inter\u00e9s por la poes\u00eda y la literatura. Fue un amado esposo, padre y abuelo.<\/p>\n<h4><span style=\"color: #833c0b;\"><em>En su memoria y llenos de amor, queremos compartir contigo su pasi\u00f3n por el viaje y la vida.<\/em><\/span><\/h4>\n\n\t\t<\/div> \n\t<\/div> \n\t\t<\/div> <\/div>\n\t<\/div> <\/div><div   class=\"vc_row wpb_row vc_row-fluid\">\n\t<div  class=\"vc_span12 wpb_column vc_column_container\"><div class=\"vc_column-inner\">\n\t\t<div class=\"wpb_wrapper\">\n\t\t\t\r\n\t<div  class=\"wpb_single_image wpb_content_element vc_align_left   vc_custom_1539302246307\">\r\n\t\t<div class=\"wpb_wrapper\">\r\n\t\t\t\r\n\t\t\t<div class=\"vc_single_image-wrapper   vc_box_border_grey\"><img loading=\"lazy\" decoding=\"async\" width=\"1680\" height=\"419\" src=\"https:\/\/centralhb.com\/wp-content\/uploads\/2018\/10\/fw2chb-8.jpg\" class=\"vc_single_image-img attachment-full\" alt=\"\" title=\"fw2chb-8\" srcset=\"https:\/\/centralhb.com\/wp-content\/uploads\/2018\/10\/fw2chb-8.jpg 1680w, https:\/\/centralhb.com\/wp-content\/uploads\/2018\/10\/fw2chb-8-300x75.jpg 300w, https:\/\/centralhb.com\/wp-content\/uploads\/2018\/10\/fw2chb-8-768x192.jpg 768w, https:\/\/centralhb.com\/wp-content\/uploads\/2018\/10\/fw2chb-8-1024x255.jpg 1024w, https:\/\/centralhb.com\/wp-content\/uploads\/2018\/10\/fw2chb-8-16x4.jpg 16w\" sizes=\"auto, (max-width: 1680px) 100vw, 1680px\" \/><\/div>\r\n\t\t<\/div>\r\n\t<\/div>\r\n\n\t\t<\/div> <\/div>\n\t<\/div> <\/div><div   class=\"vc_row wpb_row vc_row-fluid vc_custom_1539622458006\">\n\t<div  class=\"vc_span12 wpb_column vc_column_container\"><div class=\"vc_column-inner\">\n\t\t<div class=\"wpb_wrapper\">\n\t\t\t<style type=\"text\/css\" >#l_l5g0q2yk0wz3efcalvso.sc_line ,#l_l5g0q2yk0wz3efcalvso .sc_line { height:1px; background:#999999;}#l_l5g0q2yk0wz3efcalvso.sc_line ,#l_l5g0q2yk0wz3efcalvso .sc_line{margin-left:auto!important; margin-right:auto!important;}#l_l5g0q2yk0wz3efcalvso {margin:30px 0 30px 0; padding:0;}<\/style><div class=\"clearfix\"><\/div><div id=\"l_l5g0q2yk0wz3efcalvso\"  class=\"sc_line rd_line_normal\" ><\/div><div class=\"vc_row wpb_row vc_inner vc_row-fluid\"><div  class=\"wpb_column vc_column_container vc_span12\"><div class=\"vc_column-inner\" ><div class=\"wpb_wrapper\"><h1 style=\"font-size: 40px;line-height: 1.01;text-align: left\" class=\"vc_custom_heading vc_custom_1539300266247\" >En el Coraz\u00f3n de Chihuahua<br \/>\nNuestra Ubicaci\u00f3n<\/h1><style type=\"text\/css\" >#l_cz894eupb9yivcjm5oxq{width:50px;}#l_cz894eupb9yivcjm5oxq.sc_line ,#l_cz894eupb9yivcjm5oxq .sc_line {border-top:2px solid #000000;}#l_cz894eupb9yivcjm5oxq .rd_colored_line {position:absolute; top:-2px; left:0px; height:2px; width:25%; background:#c6c6c6 ;}#l_cz894eupb9yivcjm5oxq {margin:0px 0 5px 0; padding:0;}<\/style><div class=\"clearfix\"><\/div><div id=\"l_cz894eupb9yivcjm5oxq\"  class=\"sc_line rd_line_bcolor\" ><span class=\"rd_colored_line\"><\/span><\/div>\n\t<div class=\"wpb_text_column wpb_content_element  vc_custom_1539618198663  ct_p41c7ldnpr83mdztfszm\" >\n\t\t<div class=\"wpb_wrapper\" >\n\t\t\t<h2 style=\"text-align: left;\"><span style=\"color: #333333;\">Calle Victoria #202, Zona Centro, Chihuahua, Chihuahua, Mexico 31000<\/span><\/h2>\n\n\t\t<\/div> \n\t<\/div> \n\t<div class=\"wpb_raw_code wpb_raw_html wpb_content_element\" >\n\t\t<div class=\"wpb_wrapper\">\n\t\t\t<iframe loading=\"lazy\" src=\"https:\/\/snazzymaps.com\/embed\/100797\" width=\"100%\" height=\"300px\" style=\"border:none;\"><\/iframe>\n\t\t<\/div>\n\t<\/div>\n<\/div><\/div><\/div><\/div>\n\t\t<\/div> <\/div>\n\t<\/div> <\/div>\n<\/div>","protected":false},"excerpt":{"rendered":"<p>Our Essence About the Architecture Dating from 1843 to 1845 \u201cCasa Trias\u201d is the oldest complete \u201cfinca\u201d (estate) in the city of Chihuahua. Even though there are other adobe houses in Chihuahua, \u201cCasa Trias\u201d is unique due to its ornamentation and architectural avant-garde. Delivering an architectural style ahead of its time, which was characterized by<br \/><a href=\"https:\/\/centralhb.com\/es\/essence\/\" class=\"more\">Read more<\/a><\/p>","protected":false},"author":4,"featured_media":0,"parent":0,"menu_order":0,"comment_status":"closed","ping_status":"closed","template":"","meta":{"footnotes":""},"class_list":["post-917","page","type-page","status-publish","hentry"],"aioseo_notices":[],"_links":{"self":[{"href":"https:\/\/centralhb.com\/es\/wp-json\/wp\/v2\/pages\/917","targetHints":{"allow":["GET"]}}],"collection":[{"href":"https:\/\/centralhb.com\/es\/wp-json\/wp\/v2\/pages"}],"about":[{"href":"https:\/\/centralhb.com\/es\/wp-json\/wp\/v2\/types\/page"}],"author":[{"embeddable":true,"href":"https:\/\/centralhb.com\/es\/wp-json\/wp\/v2\/users\/4"}],"replies":[{"embeddable":true,"href":"https:\/\/centralhb.com\/es\/wp-json\/wp\/v2\/comments?post=917"}],"version-history":[{"count":56,"href":"https:\/\/centralhb.com\/es\/wp-json\/wp\/v2\/pages\/917\/revisions"}],"predecessor-version":[{"id":1601,"href":"https:\/\/centralhb.com\/es\/wp-json\/wp\/v2\/pages\/917\/revisions\/1601"}],"wp:attachment":[{"href":"https:\/\/centralhb.com\/es\/wp-json\/wp\/v2\/media?parent=917"}],"curies":[{"name":"wp","href":"https:\/\/api.w.org\/{rel}","templated":true}]}}