{"id":1930,"date":"2022-01-20T22:30:12","date_gmt":"2022-01-21T05:30:12","guid":{"rendered":"https:\/\/centralhb.com\/?page_id=1930"},"modified":"2023-09-08T15:33:04","modified_gmt":"2023-09-08T22:33:04","slug":"press","status":"publish","type":"page","link":"https:\/\/centralhb.com\/es\/press\/","title":{"rendered":"Press and Media"},"content":{"rendered":"<div class=\"wpb-content-wrapper\"><div   class=\"vc_row wpb_row vc_row-fluid vc_custom_1539303078128\">\n\t<div  class=\"vc_span12 wpb_column vc_column_container\"><div class=\"vc_column-inner vc_custom_1539301933546\">\n\t\t<div class=\"wpb_wrapper\">\n\t\t\t<h1 style=\"font-size: 40px;color: #000000;line-height: 1.01;text-align: left\" class=\"vc_custom_heading vc_custom_1646247712912\" >Press and Media<\/h1>\n\t\t<\/div> <\/div>\n\t<\/div> <\/div><div   class=\"vc_row wpb_row vc_row-fluid press-box vc_custom_1645136152455\">\n\t<div  class=\"vc_span6 wpb_column vc_column_container\"><div class=\"vc_column-inner vc_custom_1642743400193\">\n\t\t<div class=\"wpb_wrapper\">\n\t\t\t\r\n\t<div  class=\"wpb_single_image wpb_content_element vc_align_center\">\r\n\t\t<div class=\"wpb_wrapper\">\r\n\t\t\t\r\n\t\t\t<a href=\"https:\/\/elsouvenir.com\/hotel-central-boutique-chihuahua\/\" target=\"_blank\"><div class=\"vc_single_image-wrapper   vc_box_border_grey\"><img loading=\"lazy\" decoding=\"async\" width=\"720\" height=\"480\" src=\"https:\/\/centralhb.com\/wp-content\/uploads\/2022\/02\/elsouvenir-article.jpg\" class=\"vc_single_image-img attachment-full\" alt=\"\" title=\"elsouvenir-article\" srcset=\"https:\/\/centralhb.com\/wp-content\/uploads\/2022\/02\/elsouvenir-article.jpg 720w, https:\/\/centralhb.com\/wp-content\/uploads\/2022\/02\/elsouvenir-article-300x200.jpg 300w, https:\/\/centralhb.com\/wp-content\/uploads\/2022\/02\/elsouvenir-article-16x12.jpg 16w\" sizes=\"auto, (max-width: 720px) 100vw, 720px\" \/><\/div><\/a>\r\n\t\t<\/div>\r\n\t<\/div>\r\n<h3 style=\"font-size: 28px;color: #833c0b;line-height: 1.01;text-align: left\" class=\"vc_custom_heading vc_custom_1645136064859\" >\u201cEl lugar donde duermen los poetas\u201d<br \/>\nHotel Central Boutique Chihuahua<\/h3>\n\t<div class=\"wpb_text_column wpb_content_element  vc_custom_1645136042130  ct_o827idma82q0q7oz7fzm\" >\n\t\t<div class=\"wpb_wrapper\" >\n\t\t\t<p>La ciudad m\u00e1s hermosa del Norte necesitaba ser coronada con un Boutique.<\/p>\n\n\t\t<\/div> \n\t<\/div> \n\t\t<\/div> <\/div>\n\t<\/div> \n\t<div  class=\"vc_span6 wpb_column vc_column_container\"><div class=\"vc_column-inner vc_custom_1642738988935\">\n\t\t<div class=\"wpb_wrapper\">\n\t\t\t\n\t<div class=\"wpb_text_column wpb_content_element  vc_custom_1645136199740  ct_a57o8vfz4g2us1eqkwcg\" >\n\t\t<div class=\"wpb_wrapper\" >\n\t\t\t<p>Dicen por ah\u00ed que si deseas conquistar a alguien debes de escribirle y recitarle un poema; con esta f\u00f3rmula esa persona especial te amar\u00e1 para siempre. Imagina el escenario: Una casona del siglo XVI con un patio al centro, luces tenues y ustedes dos en una cena rom\u00e1ntica de anta\u00f1o. Esto guarda para ustedes el Central Hotel Boutique Chihuahua.<\/p>\n<p>Y no es casualidad que los poemas sean el principal concepto de esta casona antigua, el buen gusto, las instalaciones, la comida, las habitaciones y hasta los rincones, son parte del secreto de este rom\u00e1ntico hotel boutique.<\/p>\n<p>Pero \u00bfA qui\u00e9n se le ocurri\u00f3 esta idea de que el hotel sea parte de un Poema? Desde la entrada ver\u00e1s un escrito del actual propietario del hotel, el Se\u00f1or Creel quien le hizo un bello poema a su esposa reafirmando su amor.<\/p>\n\n\t\t<\/div> \n\t<\/div> <h3 style=\"font-size: 16px;color: #833c0b;line-height: 1.01;text-align: left\" class=\"vc_custom_heading vc_custom_1644527520796\" >El Souvenir Magazine<\/h3><style type=\"text\/css\" >#l_va48nuun05z66fn18mx2{width:50px;}#l_va48nuun05z66fn18mx2.sc_line ,#l_va48nuun05z66fn18mx2 .sc_line {border-top:2px solid #000000;}#l_va48nuun05z66fn18mx2 .rd_colored_line {position:absolute; top:-2px; left:0px; height:2px; width:25%; background:#c6c6c6 ;}#l_va48nuun05z66fn18mx2 {margin:0px 0 15px 0; padding:0;}<\/style><div class=\"clearfix\"><\/div><div id=\"l_va48nuun05z66fn18mx2\"  class=\"sc_line rd_line_bcolor\" ><span class=\"rd_colored_line\"><\/span><\/div>\n\t<div class=\"wpb_text_column wpb_content_element  vc_custom_1644527501988  ct_mvof2mayvijdbg2qytnz\" >\n\t\t<div class=\"wpb_wrapper\" >\n\t\t\t<p style=\"text-align: right;\">Fuente: <a href=\"https:\/\/elsouvenir.com\/hotel-central-boutique-chihuahua\/\" target=\"_blank\" rel=\"noopener\">elsouvenir.com<\/a><\/p>\n\n\t\t<\/div> \n\t<\/div> \n\t\t<\/div> <\/div>\n\t<\/div> <\/div><div   class=\"vc_row wpb_row vc_row-fluid vc_custom_1642743315307 vc_row-o-content-top\">\n\t<div  class=\"vc_span5 press-box wpb_column vc_column_container\"><div class=\"vc_column-inner vc_custom_1642744467624\">\n\t\t<div class=\"wpb_wrapper\">\n\t\t\t\r\n\t<div  class=\"wpb_single_image wpb_content_element vc_align_center\">\r\n\t\t<div class=\"wpb_wrapper\">\r\n\t\t\t\r\n\t\t\t<a href=\"https:\/\/www.instagram.com\/p\/CUOUYLVrqeU\/\" target=\"_blank\"><div class=\"vc_single_image-wrapper   vc_box_border_grey\"><img loading=\"lazy\" decoding=\"async\" width=\"300\" height=\"465\" src=\"https:\/\/centralhb.com\/wp-content\/uploads\/2022\/01\/press-ig.jpg\" class=\"vc_single_image-img attachment-full\" alt=\"\" title=\"press-ig\" srcset=\"https:\/\/centralhb.com\/wp-content\/uploads\/2022\/01\/press-ig.jpg 300w, https:\/\/centralhb.com\/wp-content\/uploads\/2022\/01\/press-ig-194x300.jpg 194w, https:\/\/centralhb.com\/wp-content\/uploads\/2022\/01\/press-ig-8x12.jpg 8w\" sizes=\"auto, (max-width: 300px) 100vw, 300px\" \/><\/div><\/a>\r\n\t\t<\/div>\r\n\t<\/div>\r\n\n\t<div class=\"wpb_text_column wpb_content_element  vc_custom_1642743186463  ct_zr8nqulsfqoe6m8xe0px\" >\n\t\t<div class=\"wpb_wrapper\" >\n\t\t\t<p>&#8220;A scene from the restaurant at the Central Hotel Boutique in Chihuahua City, Mexico \u2014 Right in the heart of the historic city center, next to the Plaza de Armas and the 18th-century cathedral.&#8221;<\/p>\n\n\t\t<\/div> \n\t<\/div> <style type=\"text\/css\" >#l_ihp26scx0lmq2uhbr5lu{width:50px;}#l_ihp26scx0lmq2uhbr5lu.sc_line ,#l_ihp26scx0lmq2uhbr5lu .sc_line {border-top:2px solid #000000;}#l_ihp26scx0lmq2uhbr5lu .rd_colored_line {position:absolute; top:-2px; left:0px; height:2px; width:25%; background:#c6c6c6 ;}#l_ihp26scx0lmq2uhbr5lu {margin:0px 0 15px 0; padding:0;}<\/style><div class=\"clearfix\"><\/div><div id=\"l_ihp26scx0lmq2uhbr5lu\"  class=\"sc_line rd_line_bcolor\" ><span class=\"rd_colored_line\"><\/span><\/div><h3 style=\"font-size: 16px;color: #833c0b;line-height: 1.01;text-align: left\" class=\"vc_custom_heading vc_custom_1642743514443\" >Tablet Hotels<\/h3>\n\t<div class=\"wpb_text_column wpb_content_element  vc_custom_1642743476074  ct_vireiowsdwlhnqncxsd3\" >\n\t\t<div class=\"wpb_wrapper\" >\n\t\t\t<p style=\"text-align: right;\">Fuente: <a href=\"https:\/\/www.instagram.com\/p\/CUOUYLVrqeU\/\" target=\"_blank\" rel=\"noopener\">Instagram<\/a><\/p>\n\n\t\t<\/div> \n\t<\/div> \n\t\t<\/div> <\/div>\n\t<\/div> \n\t<div  class=\"vc_span7 press-box wpb_column vc_column_container\"><div class=\"vc_column-inner vc_custom_1642744474833\">\n\t\t<div class=\"wpb_wrapper\">\n\t\t\t\r\n\t<div  class=\"wpb_single_image wpb_content_element vc_align_center\">\r\n\t\t<div class=\"wpb_wrapper\">\r\n\t\t\t\r\n\t\t\t<a href=\"https:\/\/www.americanway.com\/city-guides\/chihuahua\/show\/all\/?terms%5B55%5D=taste#el-poeta\" target=\"_blank\"><div class=\"vc_single_image-wrapper   vc_box_border_grey\"><img loading=\"lazy\" decoding=\"async\" width=\"668\" height=\"418\" src=\"https:\/\/centralhb.com\/wp-content\/uploads\/2022\/01\/press-elpoeta.jpg\" class=\"vc_single_image-img attachment-full\" alt=\"\" title=\"press-elpoeta\" srcset=\"https:\/\/centralhb.com\/wp-content\/uploads\/2022\/01\/press-elpoeta.jpg 668w, https:\/\/centralhb.com\/wp-content\/uploads\/2022\/01\/press-elpoeta-300x188.jpg 300w, https:\/\/centralhb.com\/wp-content\/uploads\/2022\/01\/press-elpoeta-16x10.jpg 16w, https:\/\/centralhb.com\/wp-content\/uploads\/2022\/01\/press-elpoeta-640x400.jpg 640w\" sizes=\"auto, (max-width: 668px) 100vw, 668px\" \/><\/div><\/a>\r\n\t\t<\/div>\r\n\t<\/div>\r\n\n\t<div class=\"wpb_text_column wpb_content_element  vc_custom_1642743582107  ct_8woekdnbxqxcqdzxsy3r\" >\n\t\t<div class=\"wpb_wrapper\" >\n\t\t\t<p>&#8220;Diners come for the beauty of the dining room \u2013 high ceilings, hand-painted frescoes \u2013 and stay for the delicious contemporary cuisine, the award-winning cocktails, the live saxophone on Friday nights and the live trova on Saturdays. The salmon-and-ginger dumplings are life-changing.&#8221;<\/p>\n\n\t\t<\/div> \n\t<\/div> <style type=\"text\/css\" >#l_ecercw7ht1uco79sfthr{width:50px;}#l_ecercw7ht1uco79sfthr.sc_line ,#l_ecercw7ht1uco79sfthr .sc_line {border-top:2px solid #000000;}#l_ecercw7ht1uco79sfthr .rd_colored_line {position:absolute; top:-2px; left:0px; height:2px; width:25%; background:#c6c6c6 ;}#l_ecercw7ht1uco79sfthr {margin:0px 0 15px 0; padding:0;}<\/style><div class=\"clearfix\"><\/div><div id=\"l_ecercw7ht1uco79sfthr\"  class=\"sc_line rd_line_bcolor\" ><span class=\"rd_colored_line\"><\/span><\/div><h3 style=\"font-size: 16px;color: #833c0b;line-height: 1.01;text-align: left\" class=\"vc_custom_heading vc_custom_1642743632532\" >American Way - Travel Guide<\/h3>\n\t<div class=\"wpb_text_column wpb_content_element  vc_custom_1642779763358  ct_d5ui25qbro5zywqd6peu\" >\n\t\t<div class=\"wpb_wrapper\" >\n\t\t\t<p style=\"text-align: right;\">Fuente: <a href=\"https:\/\/www.americanway.com\/city-guides\/chihuahua\/show\/all\/?terms%5B55%5D=taste#el-poeta\" target=\"_blank\" rel=\"noopener\">American Way by American Airlines<\/a><\/p>\n\n\t\t<\/div> \n\t<\/div> \n\t\t<\/div> <\/div>\n\t<\/div> <\/div><div   class=\"vc_row wpb_row vc_row-fluid press-box vc_custom_1642780176324 vc_row-o-content-middle\">\n\t<div  class=\"vc_span6 wpb_column vc_column_container\"><div class=\"vc_column-inner vc_custom_1642743400193\">\n\t\t<div class=\"wpb_wrapper\">\n\t\t\t\r\n\t<div  class=\"wpb_single_image wpb_content_element vc_align_center\">\r\n\t\t<div class=\"wpb_wrapper\">\r\n\t\t\t\r\n\t\t\t<div class=\"vc_single_image-wrapper   vc_box_border_grey\"><img loading=\"lazy\" decoding=\"async\" width=\"850\" height=\"1100\" src=\"https:\/\/centralhb.com\/wp-content\/uploads\/2022\/01\/CENTRAL_Hotel_Mexico-review.jpg\" class=\"vc_single_image-img attachment-full\" alt=\"\" title=\"CENTRAL_Hotel_Mexico-review\" srcset=\"https:\/\/centralhb.com\/wp-content\/uploads\/2022\/01\/CENTRAL_Hotel_Mexico-review.jpg 850w, https:\/\/centralhb.com\/wp-content\/uploads\/2022\/01\/CENTRAL_Hotel_Mexico-review-232x300.jpg 232w, https:\/\/centralhb.com\/wp-content\/uploads\/2022\/01\/CENTRAL_Hotel_Mexico-review-768x994.jpg 768w, https:\/\/centralhb.com\/wp-content\/uploads\/2022\/01\/CENTRAL_Hotel_Mexico-review-791x1024.jpg 791w, https:\/\/centralhb.com\/wp-content\/uploads\/2022\/01\/CENTRAL_Hotel_Mexico-review-9x12.jpg 9w\" sizes=\"auto, (max-width: 850px) 100vw, 850px\" \/><\/div>\r\n\t\t<\/div>\r\n\t<\/div>\r\n\n\t\t<\/div> <\/div>\n\t<\/div> \n\t<div  class=\"vc_span6 wpb_column vc_column_container\"><div class=\"vc_column-inner vc_custom_1642738988935\">\n\t\t<div class=\"wpb_wrapper\">\n\t\t\t<h3 style=\"font-size: 28px;color: #833c0b;line-height: 1.01;text-align: left\" class=\"vc_custom_heading vc_custom_1642780339464\" >Apuesta por la historia<\/h3>\n\t<div class=\"wpb_text_column wpb_content_element  vc_custom_1642780723808  ct_bqed5ma6qtbr6xvszcfc\" >\n\t\t<div class=\"wpb_wrapper\" >\n\t\t\t<p>Una casona del siglo xix, situada en el centro histo\u0301rico de Chihuahua, Me\u0301xico, fue recuperada para ser convertida en el central hotel boutique. Un lugar donde se une el disen\u0303o contempora\u0301neo con una noble arquitectura, de notas neocla\u0301sicas e intervenciones art de\u0301co.<\/p>\n<div class=\"page\" title=\"Page 1\">\n<div class=\"layoutArea\">\n<div class=\"column\">\n<p>Ubicada a un costa- do de la Catedral de Chihuahua, la Casa Trias es considerada la propiedad ma\u0301s antigua de la ciudad. No solo tiene el valor de la historia sobre sus muros \u2013fue construida en 1845\u2013, sino que adema\u0301s des- taca por su estilo avanzado para la e\u0301poca, con acentos neocla\u0301sicos e intervenciones posteriores de corte art de\u0301co. Incluso su fachada revela un interesante dato: los soportes de acero de las puertas y la forma de las ventanas fueron disen\u0303ados para proteccio\u0301n de los duen\u0303os &#8211; el propietario original fue el general \u00c1ngel Trias &#8211; ante los posibles ataques apaches. Esto, debido a que estos u\u0301ltimos estaban en cons- tante conflicto con las autoridades poscoloniales.\n<\/p><\/div>\n<\/div>\n<\/div>\n\n\t\t<\/div> \n\t<\/div> <style type=\"text\/css\" >#l_j4rg4krj0y19d13joli7{width:50px;}#l_j4rg4krj0y19d13joli7.sc_line ,#l_j4rg4krj0y19d13joli7 .sc_line {border-top:2px solid #000000;}#l_j4rg4krj0y19d13joli7 .rd_colored_line {position:absolute; top:-2px; left:0px; height:2px; width:25%; background:#c6c6c6 ;}#l_j4rg4krj0y19d13joli7 {margin:0px 0 15px 0; padding:0;}<\/style><div class=\"clearfix\"><\/div><div id=\"l_j4rg4krj0y19d13joli7\"  class=\"sc_line rd_line_bcolor\" ><span class=\"rd_colored_line\"><\/span><\/div>\n\t<div class=\"wpb_text_column wpb_content_element  vc_custom_1642780321065  ct_bjdweffr6b1y87h5ibve\" >\n\t\t<div class=\"wpb_wrapper\" >\n\t\t\t<p style=\"text-align: right;\">Art\u00edculo completo: <a href=\"https:\/\/centralhb.com\/wp-content\/uploads\/2022\/01\/CENTRAL_Hotel_Mexico.pdf\" target=\"_blank\" rel=\"noopener\">Read more<\/a><\/p>\n\n\t\t<\/div> \n\t<\/div> \n\t\t<\/div> <\/div>\n\t<\/div> <\/div><div   class=\"vc_row wpb_row vc_row-fluid vc_custom_1642743315307 vc_row-o-content-top\">\n\t<div  class=\"vc_span6 press-box wpb_column vc_column_container\"><div class=\"vc_column-inner vc_custom_1642744653423\">\n\t\t<div class=\"wpb_wrapper\">\n\t\t\t\r\n\t<div  class=\"wpb_single_image wpb_content_element vc_align_center\">\r\n\t\t<div class=\"wpb_wrapper\">\r\n\t\t\t\r\n\t\t\t<a href=\"https:\/\/www.americanway.com\/city-guides\/chihuahua\/show\/all\/?terms%5B63%5D=hotels#central-hotel-boutique\" target=\"_blank\"><div class=\"vc_single_image-wrapper   vc_box_border_grey\"><img loading=\"lazy\" decoding=\"async\" width=\"668\" height=\"418\" src=\"https:\/\/centralhb.com\/wp-content\/uploads\/2022\/01\/press-centralhotel.jpg\" class=\"vc_single_image-img attachment-full\" alt=\"\" title=\"press-centralhotel\" srcset=\"https:\/\/centralhb.com\/wp-content\/uploads\/2022\/01\/press-centralhotel.jpg 668w, https:\/\/centralhb.com\/wp-content\/uploads\/2022\/01\/press-centralhotel-300x188.jpg 300w, https:\/\/centralhb.com\/wp-content\/uploads\/2022\/01\/press-centralhotel-16x10.jpg 16w, https:\/\/centralhb.com\/wp-content\/uploads\/2022\/01\/press-centralhotel-640x400.jpg 640w\" sizes=\"auto, (max-width: 668px) 100vw, 668px\" \/><\/div><\/a>\r\n\t\t<\/div>\r\n\t<\/div>\r\n\n\t<div class=\"wpb_text_column wpb_content_element  vc_custom_1642743723291  ct_2bf63j021j1vmzo2xabn\" >\n\t\t<div class=\"wpb_wrapper\" >\n\t\t\t<p>&#8220;Guests favor this high-end boutique hotel across from the Cathedral of Chihuahua for its beautiful art and design, the hand-crafted pottery and bedroom sets, and the luxury of staying in a quiet oasis in a prime location. Both the bar and the roof-deck pool are standouts.&#8221;<\/p>\n\n\t\t<\/div> \n\t<\/div> <style type=\"text\/css\" >#l_s9xqj5caq7bp4hnr8a1p{width:50px;}#l_s9xqj5caq7bp4hnr8a1p.sc_line ,#l_s9xqj5caq7bp4hnr8a1p .sc_line {border-top:2px solid #000000;}#l_s9xqj5caq7bp4hnr8a1p .rd_colored_line {position:absolute; top:-2px; left:0px; height:2px; width:25%; background:#c6c6c6 ;}#l_s9xqj5caq7bp4hnr8a1p {margin:0px 0 15px 0; padding:0;}<\/style><div class=\"clearfix\"><\/div><div id=\"l_s9xqj5caq7bp4hnr8a1p\"  class=\"sc_line rd_line_bcolor\" ><span class=\"rd_colored_line\"><\/span><\/div><h3 style=\"font-size: 16px;color: #833c0b;line-height: 1.01;text-align: left\" class=\"vc_custom_heading vc_custom_1642743632532\" >American Way - Travel Guide<\/h3>\n\t<div class=\"wpb_text_column wpb_content_element  vc_custom_1642779793565  ct_v3hahanpeixk2cdnte0v\" >\n\t\t<div class=\"wpb_wrapper\" >\n\t\t\t<p style=\"text-align: right;\">Fuente: <a href=\"https:\/\/www.americanway.com\/city-guides\/chihuahua\/show\/all\/?terms%5B63%5D=hotels#central-hotel-boutique\" target=\"_blank\" rel=\"noopener\">American Way by American Airlines<\/a><\/p>\n\n\t\t<\/div> \n\t<\/div> \n\t\t<\/div> <\/div>\n\t<\/div> \n\t<div  class=\"vc_span6 press-box wpb_column vc_column_container\"><div class=\"vc_column-inner vc_custom_1642744532330\">\n\t\t<div class=\"wpb_wrapper\">\n\t\t\t\r\n\t<div  class=\"wpb_single_image wpb_content_element vc_align_center\">\r\n\t\t<div class=\"wpb_wrapper\">\r\n\t\t\t\r\n\t\t\t<a href=\"https:\/\/www.americanway.com\/city-guides\/chihuahua\/show\/all\/?terms%5B63%5D=hotels#central-hotel-boutique\" target=\"_blank\"><div class=\"vc_single_image-wrapper   vc_box_border_grey\"><img loading=\"lazy\" decoding=\"async\" width=\"774\" height=\"575\" src=\"https:\/\/centralhb.com\/wp-content\/uploads\/2022\/01\/quien-review.jpg\" class=\"vc_single_image-img attachment-full\" alt=\"\" title=\"quien-review\" srcset=\"https:\/\/centralhb.com\/wp-content\/uploads\/2022\/01\/quien-review.jpg 774w, https:\/\/centralhb.com\/wp-content\/uploads\/2022\/01\/quien-review-300x223.jpg 300w, https:\/\/centralhb.com\/wp-content\/uploads\/2022\/01\/quien-review-768x571.jpg 768w, https:\/\/centralhb.com\/wp-content\/uploads\/2022\/01\/quien-review-16x12.jpg 16w\" sizes=\"auto, (max-width: 774px) 100vw, 774px\" \/><\/div><\/a>\r\n\t\t<\/div>\r\n\t<\/div>\r\n\n\t<div class=\"wpb_text_column wpb_content_element  vc_custom_1642743870589  ct_2h1sc188la3nzax2w1vn\" >\n\t\t<div class=\"wpb_wrapper\" >\n\t\t\t<p>&#8220;Ubicado a un costado de la catedral metropolitana, en una casona colonial de 1845, restaurado y equipado con todo lo que un viajero exigente necesita.<\/p>\n<p>Tienen un patio central que invita a echar el drink. La cocteler\u00eda y barra de lugar est\u00e1n a la altura de las de San Miguel de Allende, la Condesa o el mismo Polanco.&#8221;<\/p>\n\n\t\t<\/div> \n\t<\/div> <style type=\"text\/css\" >#l_tjrus9qnhd7o6o302pck{width:50px;}#l_tjrus9qnhd7o6o302pck.sc_line ,#l_tjrus9qnhd7o6o302pck .sc_line {border-top:2px solid #000000;}#l_tjrus9qnhd7o6o302pck .rd_colored_line {position:absolute; top:-2px; left:0px; height:2px; width:25%; background:#c6c6c6 ;}#l_tjrus9qnhd7o6o302pck {margin:0px 0 15px 0; padding:0;}<\/style><div class=\"clearfix\"><\/div><div id=\"l_tjrus9qnhd7o6o302pck\"  class=\"sc_line rd_line_bcolor\" ><span class=\"rd_colored_line\"><\/span><\/div><h3 style=\"font-size: 16px;color: #833c0b;line-height: 1.01;text-align: left\" class=\"vc_custom_heading vc_custom_1642743817765\" >Qui\u00e9n Magazine<\/h3>\n\t<div class=\"wpb_text_column wpb_content_element  vc_custom_1642743799472  ct_c9o6e3bx393dli0r5u7d\" >\n\t\t<div class=\"wpb_wrapper\" >\n\t\t\t<p style=\"text-align: right;\">Fuente: <a href=\"https:\/\/www.quien.com\/placeres\/2021\/07\/25\/guia-para-descubrir-y-disfrutar-al-maximo-la-capital-chihuahuense\" target=\"_blank\" rel=\"noopener\">Qui\u00e9n<\/a><\/p>\n\n\t\t<\/div> \n\t<\/div> \n\t\t<\/div> <\/div>\n\t<\/div> <\/div><div   class=\"vc_row wpb_row vc_row-fluid vc_custom_1642743315307 vc_row-o-content-top\">\n\t<div  class=\"vc_span6 press-box wpb_column vc_column_container\"><div class=\"vc_column-inner vc_custom_1642744653423\">\n\t\t<div class=\"wpb_wrapper\">\n\t\t\t\r\n\t<div  class=\"wpb_single_image wpb_content_element vc_align_center\">\r\n\t\t<div class=\"wpb_wrapper\">\r\n\t\t\t\r\n\t\t\t<a href=\"https:\/\/www.americanway.com\/city-guides\/chihuahua\/show\/all\/?terms%5B63%5D=hotels#central-hotel-boutique\" target=\"_blank\"><div class=\"vc_single_image-wrapper   vc_box_border_grey\"><img loading=\"lazy\" decoding=\"async\" width=\"774\" height=\"911\" src=\"https:\/\/centralhb.com\/wp-content\/uploads\/2022\/01\/glocal-review-copy.jpg\" class=\"vc_single_image-img attachment-full\" alt=\"\" title=\"glocal-review copy\" srcset=\"https:\/\/centralhb.com\/wp-content\/uploads\/2022\/01\/glocal-review-copy.jpg 774w, https:\/\/centralhb.com\/wp-content\/uploads\/2022\/01\/glocal-review-copy-255x300.jpg 255w, https:\/\/centralhb.com\/wp-content\/uploads\/2022\/01\/glocal-review-copy-768x904.jpg 768w, https:\/\/centralhb.com\/wp-content\/uploads\/2022\/01\/glocal-review-copy-10x12.jpg 10w\" sizes=\"auto, (max-width: 774px) 100vw, 774px\" \/><\/div><\/a>\r\n\t\t<\/div>\r\n\t<\/div>\r\n\n\t<div class=\"wpb_text_column wpb_content_element  vc_custom_1643042802207  ct_eln7ogx0tg3socfmnovo\" >\n\t\t<div class=\"wpb_wrapper\" >\n\t\t\t<p>&#8220;Una paleta de grises y ocres \u2013acentuada en lat\u00f3n\u2013 sumada a texturas naturales y materiales expuestos son los protagonistas de un espacio de hospitalidad que comparte una gran historia a sus moradores.&#8221;<\/p>\n\n\t\t<\/div> \n\t<\/div> <style type=\"text\/css\" >#l_x4cifpu894qhu755ic2g{width:50px;}#l_x4cifpu894qhu755ic2g.sc_line ,#l_x4cifpu894qhu755ic2g .sc_line {border-top:2px solid #000000;}#l_x4cifpu894qhu755ic2g .rd_colored_line {position:absolute; top:-2px; left:0px; height:2px; width:25%; background:#c6c6c6 ;}#l_x4cifpu894qhu755ic2g {margin:0px 0 15px 0; padding:0;}<\/style><div class=\"clearfix\"><\/div><div id=\"l_x4cifpu894qhu755ic2g\"  class=\"sc_line rd_line_bcolor\" ><span class=\"rd_colored_line\"><\/span><\/div><h3 style=\"font-size: 16px;color: #833c0b;line-height: 1.01;text-align: left\" class=\"vc_custom_heading vc_custom_1643042780527\" >glocal design magazine<\/h3>\n\t<div class=\"wpb_text_column wpb_content_element  vc_custom_1643042772055  ct_lla6bmhh7ppxv077uie0\" >\n\t\t<div class=\"wpb_wrapper\" >\n\t\t\t<p style=\"text-align: right;\">Fuente: <a href=\"https:\/\/glocal.mx\/viguerias-encalados-e-historia\/\" target=\"_blank\" rel=\"noopener\">glocal design magazine<\/a><\/p>\n\n\t\t<\/div> \n\t<\/div> \n\t\t<\/div> <\/div>\n\t<\/div> \n\t<div  class=\"vc_span6 wpb_column vc_column_container\"><div class=\"vc_column-inner vc_custom_1643043947162\">\n\t\t<div class=\"wpb_wrapper\">\n\t\t\t\n\t\t<\/div> <\/div>\n\t<\/div> <\/div>\n<\/div>","protected":false},"excerpt":{"rendered":"<p>Press and Media \u201cEl lugar donde duermen los poetas\u201d Hotel Central Boutique Chihuahua La ciudad m\u00e1s hermosa del Norte necesitaba ser coronada con un Boutique. Dicen por ah\u00ed que si deseas conquistar a alguien debes de escribirle y recitarle un poema; con esta f\u00f3rmula esa persona especial te amar\u00e1 para siempre. Imagina el escenario: Una<br \/><a href=\"https:\/\/centralhb.com\/es\/press\/\" class=\"more\">Read more<\/a><\/p>","protected":false},"author":4,"featured_media":0,"parent":0,"menu_order":0,"comment_status":"closed","ping_status":"closed","template":"","meta":{"footnotes":""},"class_list":["post-1930","page","type-page","status-publish","hentry"],"aioseo_notices":[],"_links":{"self":[{"href":"https:\/\/centralhb.com\/es\/wp-json\/wp\/v2\/pages\/1930","targetHints":{"allow":["GET"]}}],"collection":[{"href":"https:\/\/centralhb.com\/es\/wp-json\/wp\/v2\/pages"}],"about":[{"href":"https:\/\/centralhb.com\/es\/wp-json\/wp\/v2\/types\/page"}],"author":[{"embeddable":true,"href":"https:\/\/centralhb.com\/es\/wp-json\/wp\/v2\/users\/4"}],"replies":[{"embeddable":true,"href":"https:\/\/centralhb.com\/es\/wp-json\/wp\/v2\/comments?post=1930"}],"version-history":[{"count":47,"href":"https:\/\/centralhb.com\/es\/wp-json\/wp\/v2\/pages\/1930\/revisions"}],"predecessor-version":[{"id":2077,"href":"https:\/\/centralhb.com\/es\/wp-json\/wp\/v2\/pages\/1930\/revisions\/2077"}],"wp:attachment":[{"href":"https:\/\/centralhb.com\/es\/wp-json\/wp\/v2\/media?parent=1930"}],"curies":[{"name":"wp","href":"https:\/\/api.w.org\/{rel}","templated":true}]}}