{"id":1472,"date":"2018-12-20T10:56:58","date_gmt":"2018-12-20T17:56:58","guid":{"rendered":"https:\/\/centralhb.com\/?page_id=1472"},"modified":"2023-09-08T15:32:56","modified_gmt":"2023-09-08T22:32:56","slug":"nye","status":"publish","type":"page","link":"https:\/\/centralhb.com\/es\/nye\/","title":{"rendered":"NYE"},"content":{"rendered":"<div class=\"wpb-content-wrapper\"><div   class=\"vc_row wpb_row vc_row-fluid vc_custom_1545329241211\">\n\t<div  class=\"vc_span12 wpb_column vc_column_container\"><div class=\"vc_column-inner\">\n\t\t<div class=\"wpb_wrapper\">\n\t\t\t\n\t<div class=\"wpb_text_column wpb_content_element   ct_jn1qc68gzodbmnrlb4xa\" >\n\t\t<div class=\"wpb_wrapper\" >\n\t\t\t<h3 style=\"text-align: center;\"><strong>EVENTOS PARA A\u00d1O NUEVO CENTRAL HOTEL BOUTIQUE<\/strong><\/h3>\n\n\t\t<\/div> \n\t<\/div> <style type=\"text\/css\" >#b_7wl3zauhpmmcgmg7dw6y a{color:#ffffff; background:#dd3333; margin-top:0px; margin-bottom:0px;  margin-left:0px; margin-right:0px; font-weight:500; border-radius:4px;}#b_7wl3zauhpmmcgmg7dw6y a:hover{color:#ffffff ; background:#000000 ;}<\/style><div class=\"ta_center tf_btn_pos\" id=\"b_7wl3zauhpmmcgmg7dw6y\" ><a class=\"rd_normal_bt medium_rd_bt rda_fadeIn\" href=\"https:\/\/centralhb.com\/wp-content\/uploads\/2018\/12\/MENU-FIN-DE-A\u00d1O-1.pdf\" target=\"\"   >Descargar men\u00fa e informaci\u00f3n del evento<\/a><\/div>\n\t\t<\/div> <\/div>\n\t<\/div> <\/div>\n<\/div>","protected":false},"excerpt":{"rendered":"<p>EVENTOS PARA A\u00d1O NUEVO CENTRAL HOTEL BOUTIQUE Descargar men\u00fa e informaci\u00f3n del evento<\/p>","protected":false},"author":4,"featured_media":0,"parent":0,"menu_order":0,"comment_status":"closed","ping_status":"closed","template":"","meta":{"footnotes":""},"class_list":["post-1472","page","type-page","status-publish","hentry"],"aioseo_notices":[],"_links":{"self":[{"href":"https:\/\/centralhb.com\/es\/wp-json\/wp\/v2\/pages\/1472","targetHints":{"allow":["GET"]}}],"collection":[{"href":"https:\/\/centralhb.com\/es\/wp-json\/wp\/v2\/pages"}],"about":[{"href":"https:\/\/centralhb.com\/es\/wp-json\/wp\/v2\/types\/page"}],"author":[{"embeddable":true,"href":"https:\/\/centralhb.com\/es\/wp-json\/wp\/v2\/users\/4"}],"replies":[{"embeddable":true,"href":"https:\/\/centralhb.com\/es\/wp-json\/wp\/v2\/comments?post=1472"}],"version-history":[{"count":8,"href":"https:\/\/centralhb.com\/es\/wp-json\/wp\/v2\/pages\/1472\/revisions"}],"predecessor-version":[{"id":1484,"href":"https:\/\/centralhb.com\/es\/wp-json\/wp\/v2\/pages\/1472\/revisions\/1484"}],"wp:attachment":[{"href":"https:\/\/centralhb.com\/es\/wp-json\/wp\/v2\/media?parent=1472"}],"curies":[{"name":"wp","href":"https:\/\/api.w.org\/{rel}","templated":true}]}}